{"id":6041,"date":"2024-05-12T15:38:10","date_gmt":"2024-05-12T19:38:10","guid":{"rendered":"https:\/\/clubdegolfbuckingham.com\/how-to-publish-your-golf-scores\/"},"modified":"2024-05-14T08:54:56","modified_gmt":"2024-05-14T12:54:56","slug":"how-to-publish-your-golf-scores","status":"publish","type":"page","link":"https:\/\/clubdegolfbuckingham.com\/en\/how-to-publish-your-golf-scores\/","title":{"rendered":"How to publish your golf scores"},"content":{"rendered":"\t\t<div data-elementor-type=\"wp-page\" data-elementor-id=\"6041\" class=\"elementor elementor-6041 elementor-6026\" data-elementor-post-type=\"page\">\n\t\t\t\t\t\t<section class=\"elementor-section elementor-top-section elementor-element elementor-element-5557a06 elementor-section-height-min-height elementor-section-full_width elementor-section-height-default elementor-section-items-middle elementor-invisible\" data-id=\"5557a06\" data-element_type=\"section\" data-e-type=\"section\" data-settings=\"{&quot;background_background&quot;:&quot;classic&quot;,&quot;animation&quot;:&quot;fadeIn&quot;}\">\n\t\t\t\t\t\t\t<div class=\"elementor-background-overlay\"><\/div>\n\t\t\t\t\t\t\t<div class=\"elementor-container elementor-column-gap-default\">\n\t\t\t\t\t<div class=\"elementor-column elementor-col-100 elementor-top-column elementor-element elementor-element-1f325fc\" data-id=\"1f325fc\" data-element_type=\"column\" data-e-type=\"column\">\n\t\t\t<div class=\"elementor-widget-wrap elementor-element-populated\">\n\t\t\t\t\t\t<div class=\"elementor-element elementor-element-68930c4 elementor-view-default elementor-position-top elementor-invisible elementor-widget elementor-widget-themo-header\" data-id=\"68930c4\" data-element_type=\"widget\" data-e-type=\"widget\" data-settings=\"{&quot;_animation&quot;:&quot;fadeInUp&quot;,&quot;_animation_delay&quot;:600}\" data-widget_type=\"themo-header.default\">\n\t\t\t\t<div class=\"elementor-widget-container\">\n\t\t\t\t\t\t\t<div class=\"th-header-wrap\">\n        <div class=\"elementor-icon-box-wrapper \">\n                            <div class=\"elementor-icon-box-content\">\n                    <h1 class=\"elementor-icon-box-title\">\n                        How to publish your golf scores                    <\/h1>\n                                        <p class=\"elementor-icon-box-description\">GOLF CANADA<\/p>\n\n                                    <\/div>\n            <\/div>\n\n        <\/div>\n\n\t\t\t\t\t\t<\/div>\n\t\t\t\t<\/div>\n\t\t\t\t\t<\/div>\n\t\t<\/div>\n\t\t\t\t\t<\/div>\n\t\t<\/section>\n\t\t\t\t<section class=\"elementor-section elementor-top-section elementor-element elementor-element-1a89115 elementor-section-boxed elementor-section-height-default elementor-section-height-default\" data-id=\"1a89115\" data-element_type=\"section\" data-e-type=\"section\">\n\t\t\t\t\t\t<div class=\"elementor-container elementor-column-gap-default\">\n\t\t\t\t\t<div class=\"elementor-column elementor-col-100 elementor-top-column elementor-element elementor-element-ea8e588\" data-id=\"ea8e588\" data-element_type=\"column\" data-e-type=\"column\">\n\t\t\t<div class=\"elementor-widget-wrap elementor-element-populated\">\n\t\t\t\t\t\t<div class=\"elementor-element elementor-element-4afff63 elementor-widget elementor-widget-text-editor\" data-id=\"4afff63\" data-element_type=\"widget\" data-e-type=\"widget\" data-widget_type=\"text-editor.default\">\n\t\t\t\t<div class=\"elementor-widget-container\">\n\t\t\t\t\t\t\t\t\t<p>Publishing your scores is important for maintaining a consistent handicap index within the&nbsp; unified<a href=\"https:\/\/www.golfcanada.ca\/?p=85976\" target=\"_blank\" rel=\"noopener noreferrer\">world handicap system<\/a>.<br><br><\/p>\n<p class=\"pf0\"><span class=\"cf0\">All golfers participating in the club&#8217;s internal tournaments must register their scores with Golf Canada when they play this season. Recording your scores is important and mandatory to maintain a consistent handicap index within the World Handicap System (<\/span><a class=\"cf0\" href=\"https:\/\/www.golfcanada.ca\/?p=85976\">\n  <span class=\"cf0\">https:\/\/www.golfcanada.ca\/?p=85976<\/span>\n<\/a><span class=\"cf0\">) to create balanced teams.<\/span><\/p>\n<p class=\"pf0\"><span class=\"cf0\">Registration to Golf Canada is free (included in your annual membership). Would you like to take part in our in-house tournaments? Ask Eric Robillard to register you with Golf Canada. He&#8217;ll then provide you with an ID number, and you can get your password directly from Golf Canada.<\/span><\/p>\n<p>Here&#8217;s how to use Golf Canada <em>(please note that the visuals are available in English only)<\/em>:<\/p>\t\t\t\t\t\t\t\t<\/div>\n\t\t\t\t<\/div>\n\t\t\t\t<div class=\"elementor-element elementor-element-b837705 elementor-widget elementor-widget-heading\" data-id=\"b837705\" data-element_type=\"widget\" data-e-type=\"widget\" data-widget_type=\"heading.default\">\n\t\t\t\t<div class=\"elementor-widget-container\">\n\t\t\t\t\t<h3 class=\"elementor-heading-title elementor-size-default\">Log on to golfcanada.ca  <\/h3>\t\t\t\t<\/div>\n\t\t\t\t<\/div>\n\t\t\t\t<div class=\"elementor-element elementor-element-1343ceb elementor-widget elementor-widget-text-editor\" data-id=\"1343ceb\" data-element_type=\"widget\" data-e-type=\"widget\" data-widget_type=\"text-editor.default\">\n\t\t\t\t<div class=\"elementor-widget-container\">\n\t\t\t\t\t\t\t\t\t<ul>\n<li>Visit golfcanada.ca<\/li>\n<li>Click on &#8220;Publish a note<\/li>\n<li>Log in using your member login<\/li>\n<li>If you&#8217;ve forgotten your password, follow the instructions or <a style=\"font-family: inherit; font-size: inherit; font-style: inherit; font-weight: inherit; background-color: #ffffff;\" href=\"https:\/\/scg.golfcanada.ca\/password-reset\" target=\"_blank\" rel=\"noopener noreferrer\">click here<\/a><\/li>\n<\/ul>\n\t\t\t\t\t\t\t\t<\/div>\n\t\t\t\t<\/div>\n\t\t\t\t<div class=\"elementor-element elementor-element-ab4950a elementor-widget elementor-widget-image\" data-id=\"ab4950a\" data-element_type=\"widget\" data-e-type=\"widget\" data-widget_type=\"image.default\">\n\t\t\t\t<div class=\"elementor-widget-container\">\n\t\t\t\t\t\t\t\t\t\t\t\t\t\t\t<img fetchpriority=\"high\" decoding=\"async\" width=\"850\" height=\"328\" src=\"https:\/\/clubdegolfbuckingham.com\/wp-content\/uploads\/2024\/05\/20.05.29-ScreenRecording-postscores-login-v3.gif\" class=\"attachment-large size-large wp-image-6029\" alt=\"\" \/>\t\t\t\t\t\t\t\t\t\t\t\t\t\t\t<\/div>\n\t\t\t\t<\/div>\n\t\t\t\t<div class=\"elementor-element elementor-element-5638812 elementor-widget elementor-widget-text-editor\" data-id=\"5638812\" data-element_type=\"widget\" data-e-type=\"widget\" data-widget_type=\"text-editor.default\">\n\t\t\t\t<div class=\"elementor-widget-container\">\n\t\t\t\t\t\t\t\t\t<h3><strong>Post your score<\/strong><\/h3>\n<ul>\n \t<li>Choose your golf course<\/li>\n \t<li>Enter all applicable information<\/li>\n \t<li>Members are encouraged to publish their scores hole by hole to ensure the proper adjustment of the Net Double Bogey (your maximum score per hole for handicap purposes).<\/li>\n<\/ul>\t\t\t\t\t\t\t\t<\/div>\n\t\t\t\t<\/div>\n\t\t\t\t<div class=\"elementor-element elementor-element-e8b2697 elementor-widget elementor-widget-image\" data-id=\"e8b2697\" data-element_type=\"widget\" data-e-type=\"widget\" data-widget_type=\"image.default\">\n\t\t\t\t<div class=\"elementor-widget-container\">\n\t\t\t\t\t\t\t\t\t\t\t\t\t\t\t<img decoding=\"async\" width=\"600\" height=\"322\" src=\"https:\/\/clubdegolfbuckingham.com\/wp-content\/uploads\/2024\/05\/GolfC2.gif\" class=\"attachment-large size-large wp-image-6031\" alt=\"\" \/>\t\t\t\t\t\t\t\t\t\t\t\t\t\t\t<\/div>\n\t\t\t\t<\/div>\n\t\t\t\t<div class=\"elementor-element elementor-element-0ef2d05 elementor-widget elementor-widget-text-editor\" data-id=\"0ef2d05\" data-element_type=\"widget\" data-e-type=\"widget\" data-widget_type=\"text-editor.default\">\n\t\t\t\t<div class=\"elementor-widget-container\">\n\t\t\t\t\t\t\t\t\t<h3><strong>Publish using Golf Canada&#8217;s mobile application<\/strong><strong> <\/strong><\/h3>\n<ul>\n \t<li>Open the mobile application on your <a href=\"https:\/\/apps.apple.com\/ca\/app\/golf-canada-mobile\/id635386429\">Apple<\/a> or <a href=\"https:\/\/play.google.com\/store\/apps\/details?id=air.com.MobileApp.GolfNet.CanadaPro&amp;hl=en_CA\">Android<\/a> device<\/li>\n \t<li>Press the <em>Publish a score<\/em> button<\/li>\n \t<li>Choose your golf course<\/li>\n \t<li>Members are encouraged to enter their scores hole by hole<\/li>\n \t<li>Post your score<\/li>\n<\/ul>\t\t\t\t\t\t\t\t<\/div>\n\t\t\t\t<\/div>\n\t\t\t\t<div class=\"elementor-element elementor-element-e10adbf elementor-widget elementor-widget-image\" data-id=\"e10adbf\" data-element_type=\"widget\" data-e-type=\"widget\" data-widget_type=\"image.default\">\n\t\t\t\t<div class=\"elementor-widget-container\">\n\t\t\t\t\t\t\t\t\t\t\t\t\t\t\t<img decoding=\"async\" width=\"396\" height=\"858\" src=\"https:\/\/clubdegolfbuckingham.com\/wp-content\/uploads\/2024\/05\/GolfC3.gif\" class=\"attachment-large size-large wp-image-6033\" alt=\"\" \/>\t\t\t\t\t\t\t\t\t\t\t\t\t\t\t<\/div>\n\t\t\t\t<\/div>\n\t\t\t\t\t<\/div>\n\t\t<\/div>\n\t\t\t\t\t<\/div>\n\t\t<\/section>\n\t\t\t\t<section class=\"elementor-section elementor-top-section elementor-element elementor-element-8af8cdd elementor-section-boxed elementor-section-height-default elementor-section-height-default\" data-id=\"8af8cdd\" data-element_type=\"section\" data-e-type=\"section\">\n\t\t\t\t\t\t<div class=\"elementor-container elementor-column-gap-default\">\n\t\t\t\t\t<div class=\"elementor-column elementor-col-100 elementor-top-column elementor-element elementor-element-187bea7\" data-id=\"187bea7\" data-element_type=\"column\" data-e-type=\"column\">\n\t\t\t<div class=\"elementor-widget-wrap elementor-element-populated\">\n\t\t\t\t\t\t<div class=\"elementor-element elementor-element-87c11cd elementor-widget elementor-widget-text-editor\" data-id=\"87c11cd\" data-element_type=\"widget\" data-e-type=\"widget\" data-widget_type=\"text-editor.default\">\n\t\t\t\t<div class=\"elementor-widget-container\">\n\t\t\t\t\t\t\t\t\t<h3><strong><span>How can I track my statistics?<\/span><\/strong><\/h3>\n<ul>\n<li><span>Members can enter their statistics for each match by selecting the statistics they wish to keep, such as regulated fairways (FIRs), putts, penalty strokes, driving distance, and so on.<\/span><\/li>\n<li><span>Publish their score hole by hole and select &#8220;Yes&#8221; in the &#8220;Tracking statistics&#8221; bar.<\/span><\/li>\n<li><span>Enter the statistics they wish to track and click on &#8220;Publish score&#8221;.<\/span><\/li>\n<\/ul>\n\t\t\t\t\t\t\t\t<\/div>\n\t\t\t\t<\/div>\n\t\t\t\t<div class=\"elementor-element elementor-element-35fd5b9 elementor-widget elementor-widget-image\" data-id=\"35fd5b9\" data-element_type=\"widget\" data-e-type=\"widget\" data-widget_type=\"image.default\">\n\t\t\t\t<div class=\"elementor-widget-container\">\n\t\t\t\t\t\t\t\t\t\t\t\t\t\t\t<img loading=\"lazy\" decoding=\"async\" width=\"610\" height=\"481\" src=\"https:\/\/clubdegolfbuckingham.com\/wp-content\/uploads\/2024\/05\/golf4.png\" class=\"attachment-large size-large wp-image-6035\" alt=\"\" srcset=\"https:\/\/clubdegolfbuckingham.com\/wp-content\/uploads\/2024\/05\/golf4.png 610w, https:\/\/clubdegolfbuckingham.com\/wp-content\/uploads\/2024\/05\/golf4-300x237.png 300w, https:\/\/clubdegolfbuckingham.com\/wp-content\/uploads\/2024\/05\/golf4-127x100.png 127w, https:\/\/clubdegolfbuckingham.com\/wp-content\/uploads\/2024\/05\/golf4-101x80.png 101w, https:\/\/clubdegolfbuckingham.com\/wp-content\/uploads\/2024\/05\/golf4-384x303.png 384w\" sizes=\"(max-width: 610px) 100vw, 610px\" \/>\t\t\t\t\t\t\t\t\t\t\t\t\t\t\t<\/div>\n\t\t\t\t<\/div>\n\t\t\t\t<div class=\"elementor-element elementor-element-49643d7 elementor-widget elementor-widget-text-editor\" data-id=\"49643d7\" data-element_type=\"widget\" data-e-type=\"widget\" data-widget_type=\"text-editor.default\">\n\t\t\t\t<div class=\"elementor-widget-container\">\n\t\t\t\t\t\t\t\t\t<h3><strong><span>How do I delete or modify a partition?<\/span><\/strong><\/h3>\n<p><span>Members may modify their scores at any time, but may only delete an unmodified score within 24 hours of publication. After 24 hours, or if a modification has been made, only the club administrator can delete a score. Modified scores will be indicated by a &#8221;&nbsp;#&nbsp;&#8221; next to the score in the scoring file.<\/span><\/p>\n<ul>\n<li><span>Click on the &#8221;&nbsp;Crayon&nbsp;&#8221; icon to the right of the appropriate partition.<\/span><\/li>\n<li><span>Make your score adjustments and click on &#8221;&nbsp;Publish score&nbsp;&#8220;.<\/span><\/li><li>Some clubs may have changed their default settings (which may not allow golfers to modify or delete at all).<\/li>\n<\/ul>\t\t\t\t\t\t\t\t<\/div>\n\t\t\t\t<\/div>\n\t\t\t\t<div class=\"elementor-element elementor-element-f2d592a elementor-widget elementor-widget-image\" data-id=\"f2d592a\" data-element_type=\"widget\" data-e-type=\"widget\" data-widget_type=\"image.default\">\n\t\t\t\t<div class=\"elementor-widget-container\">\n\t\t\t\t\t\t\t\t\t\t\t\t\t\t\t<img loading=\"lazy\" decoding=\"async\" width=\"1024\" height=\"397\" src=\"https:\/\/clubdegolfbuckingham.com\/wp-content\/uploads\/2024\/05\/golf5-1024x397.png\" class=\"attachment-large size-large wp-image-6037\" alt=\"\" srcset=\"https:\/\/clubdegolfbuckingham.com\/wp-content\/uploads\/2024\/05\/golf5-1024x397.png 1024w, https:\/\/clubdegolfbuckingham.com\/wp-content\/uploads\/2024\/05\/golf5-300x116.png 300w, https:\/\/clubdegolfbuckingham.com\/wp-content\/uploads\/2024\/05\/golf5-768x298.png 768w, https:\/\/clubdegolfbuckingham.com\/wp-content\/uploads\/2024\/05\/golf5-258x100.png 258w, https:\/\/clubdegolfbuckingham.com\/wp-content\/uploads\/2024\/05\/golf5-206x80.png 206w, https:\/\/clubdegolfbuckingham.com\/wp-content\/uploads\/2024\/05\/golf5-394x153.png 394w, https:\/\/clubdegolfbuckingham.com\/wp-content\/uploads\/2024\/05\/golf5-915x355.png 915w, https:\/\/clubdegolfbuckingham.com\/wp-content\/uploads\/2024\/05\/golf5-1240x480.png 1240w, https:\/\/clubdegolfbuckingham.com\/wp-content\/uploads\/2024\/05\/golf5.png 1293w\" sizes=\"(max-width: 1024px) 100vw, 1024px\" \/>\t\t\t\t\t\t\t\t\t\t\t\t\t\t\t<\/div>\n\t\t\t\t<\/div>\n\t\t\t\t<div class=\"elementor-element elementor-element-e0049ee elementor-widget elementor-widget-text-editor\" data-id=\"e0049ee\" data-element_type=\"widget\" data-e-type=\"widget\" data-widget_type=\"text-editor.default\">\n\t\t\t\t<div class=\"elementor-widget-container\">\n\t\t\t\t\t\t\t\t\t<h3><strong><span>What if the course I played is not in the repertoire?<\/span><\/strong><\/h3>\n<p><span>If the club a golfer is looking for is not on the list, please inform Golf Canada at <\/span><a href=\"mailto:members@golfcanada.ca\"><br \/>\n  <span>Members@golfcanada.ca<\/span><br \/>\n<\/a><span>  or 1.800.263.0009, ext. 4520. All member courses in Canada will appear in the course directory. Please note that courses that are not currently members in Canada do not have valid course and slope evaluations, and scores from these courses cannot be entered for handicap purposes.<\/span><\/p>\n\t\t\t\t\t\t\t\t<\/div>\n\t\t\t\t<\/div>\n\t\t\t\t\t<\/div>\n\t\t<\/div>\n\t\t\t\t\t<\/div>\n\t\t<\/section>\n\t\t\t\t<\/div>\n\t\t","protected":false},"excerpt":{"rendered":"<p>How to publish your golf scores GOLF CANADA Publishing your scores is important for maintaining a consistent handicap index within the&nbsp; unifiedworld handicap system. All golfers participating in the club&#8217;s internal tournaments must register their scores with Golf Canada when &hellip; <a href=\"https:\/\/clubdegolfbuckingham.com\/en\/how-to-publish-your-golf-scores\/\">Read More<\/a><\/p>\n","protected":false},"author":1,"featured_media":0,"parent":0,"menu_order":0,"comment_status":"closed","ping_status":"closed","template":"","meta":{"footnotes":""},"class_list":["post-6041","page","type-page","status-publish","hentry"],"yoast_head":"<!-- This site is optimized with the Yoast SEO plugin v27.3 - https:\/\/yoast.com\/product\/yoast-seo-wordpress\/ -->\n<title>How to publish your golf scores - Club de golf de Buckingham<\/title>\n<meta name=\"robots\" content=\"index, follow, max-snippet:-1, max-image-preview:large, max-video-preview:-1\" \/>\n<link rel=\"canonical\" href=\"https:\/\/clubdegolfbuckingham.com\/en\/how-to-publish-your-golf-scores\/\" \/>\n<meta property=\"og:locale\" content=\"en_US\" \/>\n<meta property=\"og:type\" content=\"article\" \/>\n<meta property=\"og:title\" content=\"How to publish your golf scores - Club de golf de Buckingham\" \/>\n<meta property=\"og:description\" content=\"How to publish your golf scores GOLF CANADA Publishing your scores is important for maintaining a consistent handicap index within the&nbsp; unifiedworld handicap system. All golfers participating in the club&#8217;s internal tournaments must register their scores with Golf Canada when &hellip; Read More\" \/>\n<meta property=\"og:url\" content=\"https:\/\/clubdegolfbuckingham.com\/en\/how-to-publish-your-golf-scores\/\" \/>\n<meta property=\"og:site_name\" content=\"Club de golf de Buckingham\" \/>\n<meta property=\"article:publisher\" content=\"https:\/\/www.facebook.com\/cg.buckingham.14\" \/>\n<meta property=\"article:modified_time\" content=\"2024-05-14T12:54:56+00:00\" \/>\n<meta property=\"og:image\" content=\"https:\/\/clubdegolfbuckingham.com\/wp-content\/uploads\/2024\/05\/20.05.29-ScreenRecording-postscores-login-v3.gif\" \/>\n<meta name=\"twitter:card\" content=\"summary_large_image\" \/>\n<meta name=\"twitter:label1\" content=\"Est. reading time\" \/>\n\t<meta name=\"twitter:data1\" content=\"2 minutes\" \/>\n<script type=\"application\/ld+json\" class=\"yoast-schema-graph\">{\"@context\":\"https:\\\/\\\/schema.org\",\"@graph\":[{\"@type\":\"WebPage\",\"@id\":\"https:\\\/\\\/clubdegolfbuckingham.com\\\/en\\\/how-to-publish-your-golf-scores\\\/\",\"url\":\"https:\\\/\\\/clubdegolfbuckingham.com\\\/en\\\/how-to-publish-your-golf-scores\\\/\",\"name\":\"How to publish your golf scores - Club de golf de Buckingham\",\"isPartOf\":{\"@id\":\"https:\\\/\\\/clubdegolfbuckingham.com\\\/en\\\/#website\"},\"primaryImageOfPage\":{\"@id\":\"https:\\\/\\\/clubdegolfbuckingham.com\\\/en\\\/how-to-publish-your-golf-scores\\\/#primaryimage\"},\"image\":{\"@id\":\"https:\\\/\\\/clubdegolfbuckingham.com\\\/en\\\/how-to-publish-your-golf-scores\\\/#primaryimage\"},\"thumbnailUrl\":\"https:\\\/\\\/clubdegolfbuckingham.com\\\/wp-content\\\/uploads\\\/2024\\\/05\\\/20.05.29-ScreenRecording-postscores-login-v3.gif\",\"datePublished\":\"2024-05-12T19:38:10+00:00\",\"dateModified\":\"2024-05-14T12:54:56+00:00\",\"breadcrumb\":{\"@id\":\"https:\\\/\\\/clubdegolfbuckingham.com\\\/en\\\/how-to-publish-your-golf-scores\\\/#breadcrumb\"},\"inLanguage\":\"en-CA\",\"potentialAction\":[{\"@type\":\"ReadAction\",\"target\":[\"https:\\\/\\\/clubdegolfbuckingham.com\\\/en\\\/how-to-publish-your-golf-scores\\\/\"]}]},{\"@type\":\"ImageObject\",\"inLanguage\":\"en-CA\",\"@id\":\"https:\\\/\\\/clubdegolfbuckingham.com\\\/en\\\/how-to-publish-your-golf-scores\\\/#primaryimage\",\"url\":\"https:\\\/\\\/clubdegolfbuckingham.com\\\/wp-content\\\/uploads\\\/2024\\\/05\\\/20.05.29-ScreenRecording-postscores-login-v3.gif\",\"contentUrl\":\"https:\\\/\\\/clubdegolfbuckingham.com\\\/wp-content\\\/uploads\\\/2024\\\/05\\\/20.05.29-ScreenRecording-postscores-login-v3.gif\"},{\"@type\":\"BreadcrumbList\",\"@id\":\"https:\\\/\\\/clubdegolfbuckingham.com\\\/en\\\/how-to-publish-your-golf-scores\\\/#breadcrumb\",\"itemListElement\":[{\"@type\":\"ListItem\",\"position\":1,\"name\":\"Accueil\",\"item\":\"https:\\\/\\\/clubdegolfbuckingham.com\\\/en\\\/buckingham-golf-club-home\\\/\"},{\"@type\":\"ListItem\",\"position\":2,\"name\":\"How to publish your golf scores\"}]},{\"@type\":\"WebSite\",\"@id\":\"https:\\\/\\\/clubdegolfbuckingham.com\\\/en\\\/#website\",\"url\":\"https:\\\/\\\/clubdegolfbuckingham.com\\\/en\\\/\",\"name\":\"Club de golf de Buckingham\",\"description\":\"Fond\u00e9 en 19333, le Club de Golf de Buckingham vous promet des moments inoubliables dans un d\u00e9cor enchanteur. Les amateurs de golf \u00e9prouvent un vif plaisir \u00e0 se mesurer \u00e0 ce parcours d&#039;une maturit\u00e9 incontestable et dont la condition de jeu est d&#039;une qualit\u00e9 exceptionnelle.\",\"publisher\":{\"@id\":\"https:\\\/\\\/clubdegolfbuckingham.com\\\/en\\\/#organization\"},\"potentialAction\":[{\"@type\":\"SearchAction\",\"target\":{\"@type\":\"EntryPoint\",\"urlTemplate\":\"https:\\\/\\\/clubdegolfbuckingham.com\\\/en\\\/?s={search_term_string}\"},\"query-input\":{\"@type\":\"PropertyValueSpecification\",\"valueRequired\":true,\"valueName\":\"search_term_string\"}}],\"inLanguage\":\"en-CA\"},{\"@type\":\"Organization\",\"@id\":\"https:\\\/\\\/clubdegolfbuckingham.com\\\/en\\\/#organization\",\"name\":\"Club de golf de Buckingham\",\"url\":\"https:\\\/\\\/clubdegolfbuckingham.com\\\/en\\\/\",\"logo\":{\"@type\":\"ImageObject\",\"inLanguage\":\"en-CA\",\"@id\":\"https:\\\/\\\/clubdegolfbuckingham.com\\\/en\\\/#\\\/schema\\\/logo\\\/image\\\/\",\"url\":\"https:\\\/\\\/clubdegolfbuckingham.com\\\/wp-content\\\/uploads\\\/2021\\\/01\\\/logo-couleur-transp.png\",\"contentUrl\":\"https:\\\/\\\/clubdegolfbuckingham.com\\\/wp-content\\\/uploads\\\/2021\\\/01\\\/logo-couleur-transp.png\",\"width\":1700,\"height\":2200,\"caption\":\"Club de golf de Buckingham\"},\"image\":{\"@id\":\"https:\\\/\\\/clubdegolfbuckingham.com\\\/en\\\/#\\\/schema\\\/logo\\\/image\\\/\"},\"sameAs\":[\"https:\\\/\\\/www.facebook.com\\\/cg.buckingham.14\"]}]}<\/script>\n<!-- \/ Yoast SEO plugin. -->","yoast_head_json":{"title":"How to publish your golf scores - Club de golf de Buckingham","robots":{"index":"index","follow":"follow","max-snippet":"max-snippet:-1","max-image-preview":"max-image-preview:large","max-video-preview":"max-video-preview:-1"},"canonical":"https:\/\/clubdegolfbuckingham.com\/en\/how-to-publish-your-golf-scores\/","og_locale":"en_US","og_type":"article","og_title":"How to publish your golf scores - Club de golf de Buckingham","og_description":"How to publish your golf scores GOLF CANADA Publishing your scores is important for maintaining a consistent handicap index within the&nbsp; unifiedworld handicap system. All golfers participating in the club&#8217;s internal tournaments must register their scores with Golf Canada when &hellip; Read More","og_url":"https:\/\/clubdegolfbuckingham.com\/en\/how-to-publish-your-golf-scores\/","og_site_name":"Club de golf de Buckingham","article_publisher":"https:\/\/www.facebook.com\/cg.buckingham.14","article_modified_time":"2024-05-14T12:54:56+00:00","og_image":[{"url":"https:\/\/clubdegolfbuckingham.com\/wp-content\/uploads\/2024\/05\/20.05.29-ScreenRecording-postscores-login-v3.gif","type":"","width":"","height":""}],"twitter_card":"summary_large_image","twitter_misc":{"Est. reading time":"2 minutes"},"schema":{"@context":"https:\/\/schema.org","@graph":[{"@type":"WebPage","@id":"https:\/\/clubdegolfbuckingham.com\/en\/how-to-publish-your-golf-scores\/","url":"https:\/\/clubdegolfbuckingham.com\/en\/how-to-publish-your-golf-scores\/","name":"How to publish your golf scores - Club de golf de Buckingham","isPartOf":{"@id":"https:\/\/clubdegolfbuckingham.com\/en\/#website"},"primaryImageOfPage":{"@id":"https:\/\/clubdegolfbuckingham.com\/en\/how-to-publish-your-golf-scores\/#primaryimage"},"image":{"@id":"https:\/\/clubdegolfbuckingham.com\/en\/how-to-publish-your-golf-scores\/#primaryimage"},"thumbnailUrl":"https:\/\/clubdegolfbuckingham.com\/wp-content\/uploads\/2024\/05\/20.05.29-ScreenRecording-postscores-login-v3.gif","datePublished":"2024-05-12T19:38:10+00:00","dateModified":"2024-05-14T12:54:56+00:00","breadcrumb":{"@id":"https:\/\/clubdegolfbuckingham.com\/en\/how-to-publish-your-golf-scores\/#breadcrumb"},"inLanguage":"en-CA","potentialAction":[{"@type":"ReadAction","target":["https:\/\/clubdegolfbuckingham.com\/en\/how-to-publish-your-golf-scores\/"]}]},{"@type":"ImageObject","inLanguage":"en-CA","@id":"https:\/\/clubdegolfbuckingham.com\/en\/how-to-publish-your-golf-scores\/#primaryimage","url":"https:\/\/clubdegolfbuckingham.com\/wp-content\/uploads\/2024\/05\/20.05.29-ScreenRecording-postscores-login-v3.gif","contentUrl":"https:\/\/clubdegolfbuckingham.com\/wp-content\/uploads\/2024\/05\/20.05.29-ScreenRecording-postscores-login-v3.gif"},{"@type":"BreadcrumbList","@id":"https:\/\/clubdegolfbuckingham.com\/en\/how-to-publish-your-golf-scores\/#breadcrumb","itemListElement":[{"@type":"ListItem","position":1,"name":"Accueil","item":"https:\/\/clubdegolfbuckingham.com\/en\/buckingham-golf-club-home\/"},{"@type":"ListItem","position":2,"name":"How to publish your golf scores"}]},{"@type":"WebSite","@id":"https:\/\/clubdegolfbuckingham.com\/en\/#website","url":"https:\/\/clubdegolfbuckingham.com\/en\/","name":"Club de golf de Buckingham","description":"Fond\u00e9 en 19333, le Club de Golf de Buckingham vous promet des moments inoubliables dans un d\u00e9cor enchanteur. Les amateurs de golf \u00e9prouvent un vif plaisir \u00e0 se mesurer \u00e0 ce parcours d&#039;une maturit\u00e9 incontestable et dont la condition de jeu est d&#039;une qualit\u00e9 exceptionnelle.","publisher":{"@id":"https:\/\/clubdegolfbuckingham.com\/en\/#organization"},"potentialAction":[{"@type":"SearchAction","target":{"@type":"EntryPoint","urlTemplate":"https:\/\/clubdegolfbuckingham.com\/en\/?s={search_term_string}"},"query-input":{"@type":"PropertyValueSpecification","valueRequired":true,"valueName":"search_term_string"}}],"inLanguage":"en-CA"},{"@type":"Organization","@id":"https:\/\/clubdegolfbuckingham.com\/en\/#organization","name":"Club de golf de Buckingham","url":"https:\/\/clubdegolfbuckingham.com\/en\/","logo":{"@type":"ImageObject","inLanguage":"en-CA","@id":"https:\/\/clubdegolfbuckingham.com\/en\/#\/schema\/logo\/image\/","url":"https:\/\/clubdegolfbuckingham.com\/wp-content\/uploads\/2021\/01\/logo-couleur-transp.png","contentUrl":"https:\/\/clubdegolfbuckingham.com\/wp-content\/uploads\/2021\/01\/logo-couleur-transp.png","width":1700,"height":2200,"caption":"Club de golf de Buckingham"},"image":{"@id":"https:\/\/clubdegolfbuckingham.com\/en\/#\/schema\/logo\/image\/"},"sameAs":["https:\/\/www.facebook.com\/cg.buckingham.14"]}]}},"_links":{"self":[{"href":"https:\/\/clubdegolfbuckingham.com\/en\/wp-json\/wp\/v2\/pages\/6041","targetHints":{"allow":["GET"]}}],"collection":[{"href":"https:\/\/clubdegolfbuckingham.com\/en\/wp-json\/wp\/v2\/pages"}],"about":[{"href":"https:\/\/clubdegolfbuckingham.com\/en\/wp-json\/wp\/v2\/types\/page"}],"author":[{"embeddable":true,"href":"https:\/\/clubdegolfbuckingham.com\/en\/wp-json\/wp\/v2\/users\/1"}],"replies":[{"embeddable":true,"href":"https:\/\/clubdegolfbuckingham.com\/en\/wp-json\/wp\/v2\/comments?post=6041"}],"version-history":[{"count":8,"href":"https:\/\/clubdegolfbuckingham.com\/en\/wp-json\/wp\/v2\/pages\/6041\/revisions"}],"predecessor-version":[{"id":6073,"href":"https:\/\/clubdegolfbuckingham.com\/en\/wp-json\/wp\/v2\/pages\/6041\/revisions\/6073"}],"wp:attachment":[{"href":"https:\/\/clubdegolfbuckingham.com\/en\/wp-json\/wp\/v2\/media?parent=6041"}],"curies":[{"name":"wp","href":"https:\/\/api.w.org\/{rel}","templated":true}]}}